{"id":145,"date":"2025-07-03T17:03:26","date_gmt":"2025-07-03T17:03:26","guid":{"rendered":"https:\/\/amazon.bewmarketingdigital.com.br\/?page_id=145"},"modified":"2025-08-21T16:45:23","modified_gmt":"2025-08-21T16:45:23","slug":"produtos","status":"publish","type":"page","link":"https:\/\/amazon.bewmarketingdigital.com.br\/en\/produtos\/","title":{"rendered":"Products"},"content":{"rendered":"<div data-elementor-type=\"wp-page\" data-elementor-id=\"145\" class=\"elementor elementor-145\" data-elementor-settings=\"{&quot;ha_cmc_init_switcher&quot;:&quot;no&quot;}\" data-elementor-post-type=\"page\">\n\t\t\t\t<div class=\"elementor-element elementor-element-77a75c2 e-flex e-con-boxed e-con e-parent\" data-id=\"77a75c2\" data-element_type=\"container\" data-settings=\"{&quot;background_background&quot;:&quot;classic&quot;,&quot;_ha_eqh_enable&quot;:false}\">\n\t\t\t\t\t<div class=\"e-con-inner\">\n\t\t<div class=\"elementor-element elementor-element-ba5f83e e-con-full e-flex e-con e-child\" data-id=\"ba5f83e\" data-element_type=\"container\" data-settings=\"{&quot;_ha_eqh_enable&quot;:false}\">\n\t\t\t\t<div class=\"elementor-element elementor-element-107df5b elementor-widget elementor-widget-heading\" data-id=\"107df5b\" data-element_type=\"widget\" data-widget_type=\"heading.default\">\n\t\t\t\t<div class=\"elementor-widget-container\">\n\t\t\t\t\t<h2 class=\"elementor-heading-title elementor-size-default\">PRODUCTS<\/h2>\t\t\t\t<\/div>\n\t\t\t\t<\/div>\n\t\t\t\t<div class=\"elementor-element elementor-element-f9d826a elementor-widget elementor-widget-breadcrumbs\" data-id=\"f9d826a\" data-element_type=\"widget\" data-widget_type=\"breadcrumbs.default\">\n\t\t\t\t<div class=\"elementor-widget-container\">\n\t\t\t\t\t<p id=\"breadcrumbs\"><span><span><a href=\"https:\/\/amazon.bewmarketingdigital.com.br\/en\/\">Home<\/a><\/span><\/span><\/p>\t\t\t\t<\/div>\n\t\t\t\t<\/div>\n\t\t\t\t<\/div>\n\t\t\t\t\t<\/div>\n\t\t\t\t<\/div>\n\t\t<div class=\"elementor-element elementor-element-bf9360e e-con-full e-flex e-con e-parent\" data-id=\"bf9360e\" data-element_type=\"container\" data-settings=\"{&quot;_ha_eqh_enable&quot;:false}\">\n\t\t\t\t<div class=\"elementor-element elementor-element-ca57f8b elementor-widget elementor-widget-shortcode\" data-id=\"ca57f8b\" data-element_type=\"widget\" data-widget_type=\"shortcode.default\">\n\t\t\t\t<div class=\"elementor-widget-container\">\n\t\t\t\t\t\t\t<div class=\"elementor-shortcode\">\t\t<div data-elementor-type=\"container\" data-elementor-id=\"576\" class=\"elementor elementor-576\" data-elementor-settings=\"{&quot;ha_cmc_init_switcher&quot;:&quot;no&quot;}\" data-elementor-post-type=\"elementor_library\">\n\t\t\t\t<div class=\"elementor-element elementor-element-db96a2e e-flex e-con-boxed e-con e-parent\" data-id=\"db96a2e\" data-element_type=\"container\" data-settings=\"{&quot;_ha_eqh_enable&quot;:false}\">\n\t\t\t\t\t<div class=\"e-con-inner\">\n\t\t\t\t<div class=\"elementor-element elementor-element-eb5dcb3 elementor-widget__width-initial elementor-absolute elementor-widget elementor-widget-image\" data-id=\"eb5dcb3\" data-element_type=\"widget\" data-settings=\"{&quot;_position&quot;:&quot;absolute&quot;}\" data-widget_type=\"image.default\">\n\t\t\t\t<div class=\"elementor-widget-container\">\n\t\t\t\t\t\t\t\t\t\t\t\t\t\t\t<img fetchpriority=\"high\" decoding=\"async\" width=\"197\" height=\"484\" src=\"https:\/\/amazon.bewmarketingdigital.com.br\/wp-content\/uploads\/2025\/07\/01.png\" class=\"attachment-large size-large wp-image-39\" alt=\"\" srcset=\"https:\/\/amazon.bewmarketingdigital.com.br\/wp-content\/uploads\/2025\/07\/01.png 197w, https:\/\/amazon.bewmarketingdigital.com.br\/wp-content\/uploads\/2025\/07\/01-122x300.png 122w\" sizes=\"(max-width: 197px) 100vw, 197px\" \/>\t\t\t\t\t\t\t\t\t\t\t\t\t\t\t<\/div>\n\t\t\t\t<\/div>\n\t\t\t\t\t<\/div>\n\t\t\t\t<\/div>\n\t\t\t\t<\/div>\n\t\t<\/div>\n\t\t\t\t\t\t<\/div>\n\t\t\t\t<\/div>\n\t\t\t\t<\/div>\n\t\t<div class=\"elementor-element elementor-element-fa77f34 e-flex e-con-boxed e-con e-parent\" data-id=\"fa77f34\" data-element_type=\"container\" data-settings=\"{&quot;background_background&quot;:&quot;classic&quot;,&quot;shape_divider_top&quot;:&quot;waves&quot;,&quot;shape_divider_bottom&quot;:&quot;waves&quot;,&quot;_ha_eqh_enable&quot;:false}\">\n\t\t\t\t\t<div class=\"e-con-inner\">\n\t\t\t\t<div class=\"elementor-shape elementor-shape-top\" aria-hidden=\"true\" data-negative=\"false\">\n\t\t\t<svg xmlns=\"http:\/\/www.w3.org\/2000\/svg\" viewbox=\"0 0 1000 100\" preserveaspectratio=\"none\">\n\t<path class=\"elementor-shape-fill\" d=\"M421.9,6.5c22.6-2.5,51.5,0.4,75.5,5.3c23.6,4.9,70.9,23.5,100.5,35.7c75.8,32.2,133.7,44.5,192.6,49.7\tc23.6,2.1,48.7,3.5,103.4-2.5c54.7-6,106.2-25.6,106.2-25.6V0H0v30.3c0,0,72,32.6,158.4,30.5c39.2-0.7,92.8-6.7,134-22.4\tc21.2-8.1,52.2-18.2,79.7-24.2C399.3,7.9,411.6,7.5,421.9,6.5z\"\/>\n<\/svg>\t\t<\/div>\n\t\t\t\t<div class=\"elementor-shape elementor-shape-bottom\" aria-hidden=\"true\" data-negative=\"false\">\n\t\t\t<svg xmlns=\"http:\/\/www.w3.org\/2000\/svg\" viewbox=\"0 0 1000 100\" preserveaspectratio=\"none\">\n\t<path class=\"elementor-shape-fill\" d=\"M421.9,6.5c22.6-2.5,51.5,0.4,75.5,5.3c23.6,4.9,70.9,23.5,100.5,35.7c75.8,32.2,133.7,44.5,192.6,49.7\tc23.6,2.1,48.7,3.5,103.4-2.5c54.7-6,106.2-25.6,106.2-25.6V0H0v30.3c0,0,72,32.6,158.4,30.5c39.2-0.7,92.8-6.7,134-22.4\tc21.2-8.1,52.2-18.2,79.7-24.2C399.3,7.9,411.6,7.5,421.9,6.5z\"\/>\n<\/svg>\t\t<\/div>\n\t\t<div class=\"elementor-element elementor-element-41d9de1 e-con-full e-flex e-con e-child\" data-id=\"41d9de1\" data-element_type=\"container\" data-settings=\"{&quot;_ha_eqh_enable&quot;:false}\">\n\t\t\t\t<div class=\"elementor-element elementor-element-666aed0 elementor-widget-tablet__width-initial elementor-widget-mobile__width-initial elementor-widget elementor-widget-heading\" data-id=\"666aed0\" data-element_type=\"widget\" data-widget_type=\"heading.default\">\n\t\t\t\t<div class=\"elementor-widget-container\">\n\t\t\t\t\t<h2 class=\"elementor-heading-title elementor-size-default\">SELECT ONE OF THE OPTIONS BELOW<\/h2>\t\t\t\t<\/div>\n\t\t\t\t<\/div>\n\t\t<div class=\"elementor-element elementor-element-1ce977f e-con-full e-flex e-con e-child\" data-id=\"1ce977f\" data-element_type=\"container\" data-settings=\"{&quot;_ha_eqh_enable&quot;:false}\">\n\t\t<div class=\"elementor-element elementor-element-6fefebf e-con-full e-flex e-con e-child\" data-id=\"6fefebf\" data-element_type=\"container\" data-settings=\"{&quot;_ha_eqh_enable&quot;:false}\">\n\t\t\t\t<div class=\"elementor-element elementor-element-8714f47 elementor-widget__width-initial elementor-widget elementor-widget-image\" data-id=\"8714f47\" data-element_type=\"widget\" data-widget_type=\"image.default\">\n\t\t\t\t<div class=\"elementor-widget-container\">\n\t\t\t\t\t\t\t\t\t\t\t\t\t\t\t<img decoding=\"async\" width=\"214\" height=\"213\" src=\"https:\/\/amazon.bewmarketingdigital.com.br\/wp-content\/uploads\/2025\/07\/distribuicao-nacional.svg\" class=\"attachment-large size-large wp-image-45\" alt=\"\" \/>\t\t\t\t\t\t\t\t\t\t\t\t\t\t\t<\/div>\n\t\t\t\t<\/div>\n\t\t\t\t<div class=\"elementor-element elementor-element-e554a6a elementor-widget elementor-widget-heading\" data-id=\"e554a6a\" data-element_type=\"widget\" data-widget_type=\"heading.default\">\n\t\t\t\t<div class=\"elementor-widget-container\">\n\t\t\t\t\t<h2 class=\"elementor-heading-title elementor-size-default translation-block\">domestic<br> distribution<\/h2>\t\t\t\t<\/div>\n\t\t\t\t<\/div>\n\t\t\t\t<div class=\"elementor-element elementor-element-bbe2eb3 elementor-mobile-align-justify elementor-align-left elementor-widget-mobile__width-initial elementor-widget elementor-widget-button\" data-id=\"bbe2eb3\" data-element_type=\"widget\" data-settings=\"{&quot;ha_floating_fx&quot;:&quot;yes&quot;}\" data-widget_type=\"button.default\">\n\t\t\t\t<div class=\"elementor-widget-container\">\n\t\t\t\t\t\t\t\t\t<div class=\"elementor-button-wrapper\">\n\t\t\t\t\t<a class=\"elementor-button elementor-button-link elementor-size-sm\" href=\"https:\/\/amazon.bewmarketingdigital.com.br\/en\/produtos-nacionais\/\">\n\t\t\t\t\t\t<span class=\"elementor-button-content-wrapper\">\n\t\t\t\t\t\t\t\t\t<span class=\"elementor-button-text\">View products<\/span>\n\t\t\t\t\t<\/span>\n\t\t\t\t\t<\/a>\n\t\t\t\t<\/div>\n\t\t\t\t\t\t\t\t<\/div>\n\t\t\t\t<\/div>\n\t\t\t\t<\/div>\n\t\t<div class=\"elementor-element elementor-element-411359a e-con-full e-flex e-con e-child\" data-id=\"411359a\" data-element_type=\"container\" data-settings=\"{&quot;_ha_eqh_enable&quot;:false}\">\n\t\t\t\t<div class=\"elementor-element elementor-element-acf033f elementor-widget__width-initial elementor-widget elementor-widget-image\" data-id=\"acf033f\" data-element_type=\"widget\" data-widget_type=\"image.default\">\n\t\t\t\t<div class=\"elementor-widget-container\">\n\t\t\t\t\t\t\t\t\t\t\t\t\t\t\t<img decoding=\"async\" width=\"214\" height=\"213\" src=\"https:\/\/amazon.bewmarketingdigital.com.br\/wp-content\/uploads\/2025\/07\/distribuicao-internacional.png\" class=\"attachment-large size-large wp-image-31\" alt=\"\" srcset=\"https:\/\/amazon.bewmarketingdigital.com.br\/wp-content\/uploads\/2025\/07\/distribuicao-internacional.png 214w, https:\/\/amazon.bewmarketingdigital.com.br\/wp-content\/uploads\/2025\/07\/distribuicao-internacional-150x150.png 150w\" sizes=\"(max-width: 214px) 100vw, 214px\" \/>\t\t\t\t\t\t\t\t\t\t\t\t\t\t\t<\/div>\n\t\t\t\t<\/div>\n\t\t\t\t<div class=\"elementor-element elementor-element-9af71ae elementor-widget elementor-widget-heading\" data-id=\"9af71ae\" data-element_type=\"widget\" data-widget_type=\"heading.default\">\n\t\t\t\t<div class=\"elementor-widget-container\">\n\t\t\t\t\t<h2 class=\"elementor-heading-title elementor-size-default translation-block\">international<br> distribution<\/h2>\t\t\t\t<\/div>\n\t\t\t\t<\/div>\n\t\t\t\t<div class=\"elementor-element elementor-element-3ee1fa1 elementor-mobile-align-justify elementor-align-left elementor-widget-mobile__width-initial elementor-widget elementor-widget-button\" data-id=\"3ee1fa1\" data-element_type=\"widget\" data-settings=\"{&quot;ha_floating_fx&quot;:&quot;yes&quot;}\" data-widget_type=\"button.default\">\n\t\t\t\t<div class=\"elementor-widget-container\">\n\t\t\t\t\t\t\t\t\t<div class=\"elementor-button-wrapper\">\n\t\t\t\t\t<a class=\"elementor-button elementor-button-link elementor-size-sm\" href=\"https:\/\/amazon.bewmarketingdigital.com.br\/en\/produtos-internacionais\/\">\n\t\t\t\t\t\t<span class=\"elementor-button-content-wrapper\">\n\t\t\t\t\t\t\t\t\t<span class=\"elementor-button-text\">View products<\/span>\n\t\t\t\t\t<\/span>\n\t\t\t\t\t<\/a>\n\t\t\t\t<\/div>\n\t\t\t\t\t\t\t\t<\/div>\n\t\t\t\t<\/div>\n\t\t\t\t<\/div>\n\t\t\t\t<\/div>\n\t\t\t\t<div class=\"elementor-element elementor-element-186a293 elementor-widget-mobile__width-initial elementor-widget__width-initial elementor-widget elementor-widget-text-editor\" data-id=\"186a293\" data-element_type=\"widget\" data-widget_type=\"text-editor.default\">\n\t\t\t\t<div class=\"elementor-widget-container\">\n\t\t\t\t\t\t\t\t\t<p>*ATTENTION: International products are exclusively for export to other countries.<\/p>\t\t\t\t\t\t\t\t<\/div>\n\t\t\t\t<\/div>\n\t\t\t\t<\/div>\n\t\t\t\t\t<\/div>\n\t\t\t\t<\/div>\n\t\t<div class=\"elementor-element elementor-element-0fd72f0 e-con-full e-flex e-con e-parent\" data-id=\"0fd72f0\" data-element_type=\"container\" data-settings=\"{&quot;_ha_eqh_enable&quot;:false}\">\n\t\t\t\t<div class=\"elementor-element elementor-element-30e9940 elementor-widget elementor-widget-shortcode\" data-id=\"30e9940\" data-element_type=\"widget\" data-widget_type=\"shortcode.default\">\n\t\t\t\t<div class=\"elementor-widget-container\">\n\t\t\t\t\t\t\t<div class=\"elementor-shortcode\">\t\t<div data-elementor-type=\"container\" data-elementor-id=\"512\" class=\"elementor elementor-512\" data-elementor-settings=\"{&quot;ha_cmc_init_switcher&quot;:&quot;no&quot;}\" data-elementor-post-type=\"elementor_library\">\n\t\t\t\t<div class=\"elementor-element elementor-element-db96a2e e-flex e-con-boxed e-con e-parent\" data-id=\"db96a2e\" data-element_type=\"container\" data-settings=\"{&quot;_ha_eqh_enable&quot;:false}\">\n\t\t\t\t\t<div class=\"e-con-inner\">\n\t\t\t\t<div class=\"elementor-element elementor-element-eb5dcb3 elementor-widget__width-initial elementor-absolute elementor-widget elementor-widget-image\" data-id=\"eb5dcb3\" data-element_type=\"widget\" data-settings=\"{&quot;_position&quot;:&quot;absolute&quot;}\" data-widget_type=\"image.default\">\n\t\t\t\t<div class=\"elementor-widget-container\">\n\t\t\t\t\t\t\t\t\t\t\t\t\t\t\t<img loading=\"lazy\" decoding=\"async\" width=\"237\" height=\"619\" src=\"https:\/\/amazon.bewmarketingdigital.com.br\/wp-content\/uploads\/2025\/07\/02.png\" class=\"attachment-large size-large wp-image-38\" alt=\"\" srcset=\"https:\/\/amazon.bewmarketingdigital.com.br\/wp-content\/uploads\/2025\/07\/02.png 237w, https:\/\/amazon.bewmarketingdigital.com.br\/wp-content\/uploads\/2025\/07\/02-115x300.png 115w\" sizes=\"(max-width: 237px) 100vw, 237px\" \/>\t\t\t\t\t\t\t\t\t\t\t\t\t\t\t<\/div>\n\t\t\t\t<\/div>\n\t\t\t\t\t<\/div>\n\t\t\t\t<\/div>\n\t\t\t\t<\/div>\n\t\t<\/div>\n\t\t\t\t\t\t<\/div>\n\t\t\t\t<\/div>\n\t\t\t\t<\/div>\n\t\t\t\t<\/div>","protected":false},"excerpt":{"rendered":"<p>PRODUTOS SELECIONE UMA DAS OP\u00c7\u00d5ES ABAIXO distribui\u00e7\u00e3o NACIONAIS Ver produtos distribui\u00e7\u00e3o INTERNACIONAl Ver produtos *ATEN\u00c7\u00c3O: Os produtos internacionais s\u00e3o exclusivos para exporta\u00e7\u00e3o para outros paises.<\/p>","protected":false},"author":1,"featured_media":0,"parent":0,"menu_order":0,"comment_status":"closed","ping_status":"closed","template":"elementor_header_footer","meta":{"footnotes":""},"class_list":["post-145","page","type-page","status-publish","hentry"],"yoast_head":"<!-- This site is optimized with the Yoast SEO plugin v25.8 - https:\/\/yoast.com\/wordpress\/plugins\/seo\/ -->\n<title>Produtos - Amazon Polpas<\/title>\n<meta name=\"robots\" content=\"noindex, follow, max-snippet:-1, max-image-preview:large, max-video-preview:-1\" \/>\n<meta property=\"og:locale\" content=\"en_US\" \/>\n<meta property=\"og:type\" content=\"article\" \/>\n<meta property=\"og:title\" content=\"Produtos - Amazon Polpas\" \/>\n<meta property=\"og:description\" content=\"PRODUTOS SELECIONE UMA DAS OP\u00c7\u00d5ES ABAIXO distribui\u00e7\u00e3o NACIONAIS Ver produtos distribui\u00e7\u00e3o INTERNACIONAl Ver produtos *ATEN\u00c7\u00c3O: Os produtos internacionais s\u00e3o exclusivos para exporta\u00e7\u00e3o para outros paises.\" \/>\n<meta property=\"og:url\" content=\"https:\/\/amazon.bewmarketingdigital.com.br\/en\/produtos\/\" \/>\n<meta property=\"og:site_name\" content=\"Amazon Polpas\" \/>\n<meta property=\"article:modified_time\" content=\"2025-08-21T16:45:23+00:00\" \/>\n<meta property=\"og:image\" content=\"https:\/\/amazon.bewmarketingdigital.com.br\/wp-content\/uploads\/2025\/07\/distribuicao-nacional.svg\" \/>\n<meta name=\"twitter:card\" content=\"summary_large_image\" \/>\n<meta name=\"twitter:label1\" content=\"Est. reading time\" \/>\n\t<meta name=\"twitter:data1\" content=\"1 minute\" \/>\n<script type=\"application\/ld+json\" class=\"yoast-schema-graph\">{\"@context\":\"https:\/\/schema.org\",\"@graph\":[{\"@type\":\"WebPage\",\"@id\":\"https:\/\/amazon.bewmarketingdigital.com.br\/produtos\/\",\"url\":\"https:\/\/amazon.bewmarketingdigital.com.br\/produtos\/\",\"name\":\"Produtos - Amazon Polpas\",\"isPartOf\":{\"@id\":\"https:\/\/amazon.bewmarketingdigital.com.br\/#website\"},\"primaryImageOfPage\":{\"@id\":\"https:\/\/amazon.bewmarketingdigital.com.br\/produtos\/#primaryimage\"},\"image\":{\"@id\":\"https:\/\/amazon.bewmarketingdigital.com.br\/produtos\/#primaryimage\"},\"thumbnailUrl\":\"https:\/\/amazon.bewmarketingdigital.com.br\/wp-content\/uploads\/2025\/07\/distribuicao-nacional.svg\",\"datePublished\":\"2025-07-03T17:03:26+00:00\",\"dateModified\":\"2025-08-21T16:45:23+00:00\",\"breadcrumb\":{\"@id\":\"https:\/\/amazon.bewmarketingdigital.com.br\/produtos\/#breadcrumb\"},\"inLanguage\":\"en-US\",\"potentialAction\":[{\"@type\":\"ReadAction\",\"target\":[\"https:\/\/amazon.bewmarketingdigital.com.br\/produtos\/\"]}]},{\"@type\":\"ImageObject\",\"inLanguage\":\"en-US\",\"@id\":\"https:\/\/amazon.bewmarketingdigital.com.br\/produtos\/#primaryimage\",\"url\":\"https:\/\/amazon.bewmarketingdigital.com.br\/wp-content\/uploads\/2025\/07\/distribuicao-nacional.svg\",\"contentUrl\":\"https:\/\/amazon.bewmarketingdigital.com.br\/wp-content\/uploads\/2025\/07\/distribuicao-nacional.svg\"},{\"@type\":\"BreadcrumbList\",\"@id\":\"https:\/\/amazon.bewmarketingdigital.com.br\/produtos\/#breadcrumb\",\"itemListElement\":[{\"@type\":\"ListItem\",\"position\":1,\"name\":\"Home\",\"item\":\"https:\/\/amazon.bewmarketingdigital.com.br\/\"},{\"@type\":\"ListItem\",\"position\":2,\"name\":\"Produtos\"}]},{\"@type\":\"WebSite\",\"@id\":\"https:\/\/amazon.bewmarketingdigital.com.br\/#website\",\"url\":\"https:\/\/amazon.bewmarketingdigital.com.br\/\",\"name\":\"Amazon Polpas\",\"description\":\"\",\"potentialAction\":[{\"@type\":\"SearchAction\",\"target\":{\"@type\":\"EntryPoint\",\"urlTemplate\":\"https:\/\/amazon.bewmarketingdigital.com.br\/?s={search_term_string}\"},\"query-input\":{\"@type\":\"PropertyValueSpecification\",\"valueRequired\":true,\"valueName\":\"search_term_string\"}}],\"inLanguage\":\"en-US\"}]}<\/script>\n<!-- \/ Yoast SEO plugin. -->","yoast_head_json":{"title":"Produtos - Amazon Polpas","robots":{"index":"noindex","follow":"follow","max-snippet":"max-snippet:-1","max-image-preview":"max-image-preview:large","max-video-preview":"max-video-preview:-1"},"og_locale":"en_US","og_type":"article","og_title":"Produtos - Amazon Polpas","og_description":"PRODUTOS SELECIONE UMA DAS OP\u00c7\u00d5ES ABAIXO distribui\u00e7\u00e3o NACIONAIS Ver produtos distribui\u00e7\u00e3o INTERNACIONAl Ver produtos *ATEN\u00c7\u00c3O: Os produtos internacionais s\u00e3o exclusivos para exporta\u00e7\u00e3o para outros paises.","og_url":"https:\/\/amazon.bewmarketingdigital.com.br\/en\/produtos\/","og_site_name":"Amazon Polpas","article_modified_time":"2025-08-21T16:45:23+00:00","og_image":[{"url":"https:\/\/amazon.bewmarketingdigital.com.br\/wp-content\/uploads\/2025\/07\/distribuicao-nacional.svg","type":"","width":"","height":""}],"twitter_card":"summary_large_image","twitter_misc":{"Est. reading time":"1 minute"},"schema":{"@context":"https:\/\/schema.org","@graph":[{"@type":"WebPage","@id":"https:\/\/amazon.bewmarketingdigital.com.br\/produtos\/","url":"https:\/\/amazon.bewmarketingdigital.com.br\/produtos\/","name":"Produtos - Amazon Polpas","isPartOf":{"@id":"https:\/\/amazon.bewmarketingdigital.com.br\/#website"},"primaryImageOfPage":{"@id":"https:\/\/amazon.bewmarketingdigital.com.br\/produtos\/#primaryimage"},"image":{"@id":"https:\/\/amazon.bewmarketingdigital.com.br\/produtos\/#primaryimage"},"thumbnailUrl":"https:\/\/amazon.bewmarketingdigital.com.br\/wp-content\/uploads\/2025\/07\/distribuicao-nacional.svg","datePublished":"2025-07-03T17:03:26+00:00","dateModified":"2025-08-21T16:45:23+00:00","breadcrumb":{"@id":"https:\/\/amazon.bewmarketingdigital.com.br\/produtos\/#breadcrumb"},"inLanguage":"en-US","potentialAction":[{"@type":"ReadAction","target":["https:\/\/amazon.bewmarketingdigital.com.br\/produtos\/"]}]},{"@type":"ImageObject","inLanguage":"en-US","@id":"https:\/\/amazon.bewmarketingdigital.com.br\/produtos\/#primaryimage","url":"https:\/\/amazon.bewmarketingdigital.com.br\/wp-content\/uploads\/2025\/07\/distribuicao-nacional.svg","contentUrl":"https:\/\/amazon.bewmarketingdigital.com.br\/wp-content\/uploads\/2025\/07\/distribuicao-nacional.svg"},{"@type":"BreadcrumbList","@id":"https:\/\/amazon.bewmarketingdigital.com.br\/produtos\/#breadcrumb","itemListElement":[{"@type":"ListItem","position":1,"name":"Home","item":"https:\/\/amazon.bewmarketingdigital.com.br\/"},{"@type":"ListItem","position":2,"name":"Produtos"}]},{"@type":"WebSite","@id":"https:\/\/amazon.bewmarketingdigital.com.br\/#website","url":"https:\/\/amazon.bewmarketingdigital.com.br\/","name":"Amazon Polpas","description":"","potentialAction":[{"@type":"SearchAction","target":{"@type":"EntryPoint","urlTemplate":"https:\/\/amazon.bewmarketingdigital.com.br\/?s={search_term_string}"},"query-input":{"@type":"PropertyValueSpecification","valueRequired":true,"valueName":"search_term_string"}}],"inLanguage":"en-US"}]}},"_links":{"self":[{"href":"https:\/\/amazon.bewmarketingdigital.com.br\/en\/wp-json\/wp\/v2\/pages\/145","targetHints":{"allow":["GET"]}}],"collection":[{"href":"https:\/\/amazon.bewmarketingdigital.com.br\/en\/wp-json\/wp\/v2\/pages"}],"about":[{"href":"https:\/\/amazon.bewmarketingdigital.com.br\/en\/wp-json\/wp\/v2\/types\/page"}],"author":[{"embeddable":true,"href":"https:\/\/amazon.bewmarketingdigital.com.br\/en\/wp-json\/wp\/v2\/users\/1"}],"replies":[{"embeddable":true,"href":"https:\/\/amazon.bewmarketingdigital.com.br\/en\/wp-json\/wp\/v2\/comments?post=145"}],"version-history":[{"count":31,"href":"https:\/\/amazon.bewmarketingdigital.com.br\/en\/wp-json\/wp\/v2\/pages\/145\/revisions"}],"predecessor-version":[{"id":1532,"href":"https:\/\/amazon.bewmarketingdigital.com.br\/en\/wp-json\/wp\/v2\/pages\/145\/revisions\/1532"}],"wp:attachment":[{"href":"https:\/\/amazon.bewmarketingdigital.com.br\/en\/wp-json\/wp\/v2\/media?parent=145"}],"curies":[{"name":"wp","href":"https:\/\/api.w.org\/{rel}","templated":true}]}}